{"id":1440,"date":"2020-08-04T20:55:08","date_gmt":"2020-08-04T18:55:08","guid":{"rendered":"https:\/\/www.brasserie-bretagne.fr\/?page_id=1440"},"modified":"2020-10-08T10:15:39","modified_gmt":"2020-10-08T08:15:39","slug":"privacy-policy","status":"publish","type":"page","link":"https:\/\/www.brasserie-bretagne.fr\/en\/privacy-policy\/","title":{"rendered":"Politique de confidentialit\u00e9"},"content":{"rendered":"\n<h2 class=\"wp-block-heading\"><em>Donn\u00e9es personnelles<\/em><\/h2>\n\n\n\n<p>Nous nous engageons \u00e0 ce que la collecte et le traitement de vos donn\u00e9es, effectu\u00e9s \u00e0 partir du site www.brasserie-bretagne.fr, soient conformes au r\u00e8glement g\u00e9n\u00e9ral sur la protection des donn\u00e9es (RGPD) et \u00e0 la loi Informatique et Libert\u00e9s.<\/p>\n\n\n\n<p>La pr\u00e9sente Politique vous informe sur la fa\u00e7on dont Brasserie de Bretagne, ses sous-traitants et ses \u00e9ventuels partenaires traitent vos donn\u00e9es personnelles.<\/p>\n\n\n\n<p>Cette Politique est notamment applicable aux clients et utilisateurs des offres et services Brasserie de Bretagne. Elle est susceptible d\u2019\u00eatre compl\u00e9t\u00e9e par des informations sp\u00e9cifiques port\u00e9es \u00e0 la connaissance de l\u2019utilisateur, s\u2019agissant d\u2019une offre ou d\u2019un service particulier.<\/p>\n\n\n\n<div style=\"height:50px\" aria-hidden=\"true\" class=\"wp-block-spacer\"><\/div>\n\n\n\n<h2 class=\"wp-block-heading\"><em>Cookies<\/em><\/h2>\n\n\n\n<p>Un cookie est un petit fichier informatique, un traceur, d\u00e9pos\u00e9 et lu par exemple lors de la consultation d&#8217;un site internet.<\/p>\n\n\n\n<p>L&#8217;utilisation de ces outils est soumise \u00e0 votre consentement d\u00e8s lors qu&#8217;ils ne sont pas strictement n\u00e9cessaires au fonctionnement du site concern\u00e9.<\/p>\n\n\n\n<p><em>Quels cookies utilisons-nous ?<\/em><\/p>\n\n\n\n<div class=\"d-flex justify-content-center mt-4 mb-4\">\n<table class=\"table-responsive-sm table-bordered table-sm\">\n  <thead class=\"thead-dark\">\n    <tr class=\"bg-primary\">\n      <th scope=\"col\">Cookie<\/th>\n      <th scope=\"col\">Objet<\/th>\n      <th scope=\"col\">Type<\/th>\n      <th scope=\"col\">Dur\u00e9e<\/th>\n      <th scope=\"col\">Description<\/th>\n    <\/tr>\n  <\/thead>\n  <tbody>\n    <tr>\n      <td>Pr\u00e9f\u00e9rences<\/td>\n    <\/tr>\n    <tr>\n      <td>tarteaucitron<\/td>\n      <td>statistiques<\/td>\n      <td>persistant<\/td>\n      <td>1 an<\/td>\n      <td>Ce cookie stocke l&#8217;autorisation\nd&#8217;utilisation de chacun des services\ntiers.<\/td>\n    <\/tr>\n    <tr>\n      <td>_gat_gtag_UA_XXX_X<\/td>\n      <td>statistiques<\/td>\n      <td>persistant<\/td>\n      <td>1 minute<\/td>\n      <td>Ce cookie est utilis\u00e9 par Google\nAnalytics pour mesurer l&#8217;audience du\nsite Internet.<\/td>\n    <\/tr>\n    <tr>\n      <td>_gid<\/td>\n      <td>statistiques<\/td>\n      <td>persistant<\/td>\n      <td>1 jour<\/td>\n      <td>Ce cookie est utilis\u00e9 par Google\nAnalytics pour mesurer l&#8217;audience du\nsite Internet.<\/td>\n    <\/tr>\n    <tr>\n      <td>tarteaucitron<\/td>\n      <td>statistiques<\/td>\n      <td>persistant<\/td>\n      <td>2 ans<\/td>\n      <td>Ce cookie est utilis\u00e9 par Google\nAnalytics pour mesurer l&#8217;audience du\nsite Internet.<\/td>\n    <\/tr>\n  <\/tbody>\n<\/table>\n<\/div>\n\n\n\n<div style=\"height:50px\" aria-hidden=\"true\" class=\"wp-block-spacer\"><\/div>\n\n\n\n<h2 class=\"wp-block-heading\"><strong><em>Formulaire et T\u00e9l\u00e9service<\/em><\/strong><\/h2>\n\n\n\n<p>Chaque formulaire ou T\u00e9l\u00e9service limite la collecte des donn\u00e9es personnelles au strict n\u00e9cessaire (minimisation des donn\u00e9es) et indique notamment :<\/p>\n\n\n\n<ul class=\"wp-block-list\"><li>quels sont les objectifs du recueil de ces donn\u00e9es (finalit\u00e9s) ;<\/li><li>si ces donn\u00e9es sont obligatoires ou facultatives pour la gestion de votre demande ;<\/li><li>qui pourra en prendre connaissance (uniquement <em>Brasserie de Bretagne <\/em>en principe, sauf pr\u00e9cision dans le formulaire lorsqu\u2019une transmission \u00e0 un tiers est n\u00e9cessaire \u00e0 la gestion de votre demande);<\/li><li>vos droits en mati\u00e8re de protection des donn\u00e9es personnelles et la fa\u00e7on de les exercer aupr\u00e8s de la CNIL.<\/li><\/ul>\n\n\n\n<p>Les donn\u00e9es personnelles recueillies dans le cadre des services propos\u00e9s sur Brasserie-bretagne.fr sont trait\u00e9es selon des protocoles s\u00e9curis\u00e9s et permettent \u00e0 <em>Brasserie de Bretagne <\/em>de g\u00e9rer les demandes re\u00e7ues dans ses applications informatiques.<\/p>\n\n\n\n<div style=\"height:50px\" aria-hidden=\"true\" class=\"wp-block-spacer\"><\/div>\n\n\n\n<h3 class=\"wp-block-heading\"><em>Quels sont vos droits<\/em><\/h3>\n\n\n\n<p>Chaque individu dispose d\u2019un droit d\u2019acc\u00e8s, de rectification et de suppression des donn\u00e9es qui le concerne. Il peut demander la portabilit\u00e9 de ces derni\u00e8res. Il a \u00e9galement le droit de vous opposer aux traitements r\u00e9alis\u00e9s ou d\u2019en demander la limitation.<\/p>\n\n\n\n<p>Aussi, il peut \u00e9mettre des directives sur la conservation, la suppression ou la communication de vos donn\u00e9es personnelles apr\u00e8s votre d\u00e9c\u00e8s.<\/p>\n\n\n\n<p>R\u00e8gle sp\u00e9cifique au d\u00e9marchage t\u00e9l\u00e9phonique: tout consommateur peut s\u2019inscrire gratuitement sur une liste d\u2019opposition d\u00e9nomm\u00e9e \u00ab Bloctel \u00bb afin de ne plus \u00eatre d\u00e9march\u00e9 t\u00e9l\u00e9phoniquement par un professionnel avec lequel il n\u2019a pas de relation contractuelle en cours. Le consommateur peut s\u2019inscrire sur le site www.bloctel.gouv.fr ou par courrier adress\u00e9 \u00e0 : Soci\u00e9t\u00e9 Opposetel, Service Bloctel, 6, rue Nicolas Siret \u2013 10 000 Troyes<\/p>\n\n\n\n<div style=\"height:50px\" aria-hidden=\"true\" class=\"wp-block-spacer\"><\/div>\n\n\n\n<h3 class=\"wp-block-heading\"><em>Comment exercer vos droits<\/em><\/h3>\n\n\n\n<p>Vous pouvez exercer vos droits et contacter le D\u00e9l\u00e9gu\u00e9 \u00e0 la Protection des Donn\u00e9es personnelles \u00e0 tout moment aux adresses ci-dessous.<\/p>\n\n\n\n<p>Pour toute information ou exercice de vos droits sur les traitements de donn\u00e9es personnelles g\u00e9r\u00e9s par <em>Brasserie de Bretagne<\/em>, vous pouvez contacter son d\u00e9l\u00e9gu\u00e9 \u00e0 la protection des donn\u00e9es (DPO) :<\/p>\n\n\n\n<ul class=\"wp-block-list\"><li>par&nbsp;<a href=\"https:\/\/www.heureuses.fr\/contact\">ce formulaire<\/a>&nbsp;en vous munissant d\u2019un scan de votre pi\u00e8ce d\u2019identit\u00e9<\/li><li>ou par courrier sign\u00e9 accompagn\u00e9 de la copie d\u2019un titre d\u2019identit\u00e9 \u00e0 l\u2019adresse suivante :<br><em>Brasserie de Bretagne<\/em><br><em>7 rue Victor Schoelcher \u2013 Zone de Colguen<\/em><\/li><\/ul>\n\n\n\n<p><em>29900 Concarneau<\/em><\/p>\n\n\n\n<p>Si vous n\u2019avez pas de retour ad\u00e9quat, vous avez la possibilit\u00e9 d\u2019introduire une r\u00e9clamation aupr\u00e8s de la Commission Nationale de l\u2019Informatique et des Libert\u00e9s (CNIL), autorit\u00e9 de contr\u00f4le en charge du respect des obligations en mati\u00e8re de donn\u00e9es \u00e0 caract\u00e8re personnel en France.<\/p>\n\n\n\n<div style=\"height:50px\" aria-hidden=\"true\" class=\"wp-block-spacer\"><\/div>\n\n\n\n<h2 class=\"wp-block-heading\"><strong><em>Finalit\u00e9s de traitement de vos donn\u00e9es personnelles<\/em><\/strong><\/h2>\n\n\n\n<p><em>Brasserie de Bretagne <\/em>ne traite les donn\u00e9es personnelles que pour des finalit\u00e9s d\u00e9termin\u00e9es, explicites et l\u00e9gitimes. <em>Brasserie de Bretagne <\/em>ne traite pas ces donn\u00e9es de mani\u00e8re incompatible avec ces finalit\u00e9s. A cet effet, les finalit\u00e9s poursuivies par <em>Brasserie de Bretagne <\/em>sont les suivantes :<\/p>\n\n\n\n<div style=\"height:50px\" aria-hidden=\"true\" class=\"wp-block-spacer\"><\/div>\n\n\n\n<h3 class=\"wp-block-heading\"><strong><em>Traitements des donn\u00e9es du formulaire de contact<\/em><\/strong><\/h3>\n\n\n\n<p>La collecte, la transmission et l\u2019enregistrement des donn\u00e9es pour entrer en contact avec l\u2019entreprise<\/p>\n\n\n\n<ul class=\"wp-block-list\"><li>Envoi d&#8217;un email<\/li><\/ul>\n\n\n\n<div style=\"height:50px\" aria-hidden=\"true\" class=\"wp-block-spacer\"><\/div>\n\n\n\n<h3 class=\"wp-block-heading\"><strong><em>Connaissance client et statistiques d\u2019audience du site<\/em><\/strong><\/h3>\n\n\n\n<p>La soci\u00e9t\u00e9 <em>Brasserie de Bretagne <\/em>peut utiliser des donn\u00e9es pour mieux comprendre ses clients ou \u00e0 des fins de statistiques pour analyser l\u2019activit\u00e9 de notre site et am\u00e9liorer les services que nous proposons. Nous effectuons des mesures d\u2019audience, nous mesurons par exemple le nombre de pages vues, le nombre de visites du site, ainsi que l\u2019activit\u00e9 des visiteurs sur le site et leur fr\u00e9quence de retour.<\/p>\n\n\n\n<div style=\"height:50px\" aria-hidden=\"true\" class=\"wp-block-spacer\"><\/div>\n\n\n\n<h3 class=\"wp-block-heading\"><strong><em>Envoi de messages par email<\/em><\/strong><\/h3>\n\n\n\n<p>Suite aux informations transmises et si vous ne vous y \u00eates pas oppos\u00e9s, vous pourrez recevoir des informations et offres de notre part par communication \u00e9lectronique (email). Nous mesurons le taux d\u2019ouverture de nos envois \u00e9lectroniques afin de les adapter au mieux \u00e0 vos besoins.<\/p>\n\n\n\n<div style=\"height:50px\" aria-hidden=\"true\" class=\"wp-block-spacer\"><\/div>\n\n\n\n<h3 class=\"wp-block-heading\"><em>Quelles sont les donn\u00e9es trait\u00e9es<\/em><\/h3>\n\n\n\n<p><em>Brasserie de Bretagne <\/em>ne traite une donn\u00e9e ou une cat\u00e9gorie de donn\u00e9es que si elle est strictement n\u00e9cessaire \u00e0 la finalit\u00e9 poursuivie. Vous pouvez retrouver des informations sur ces finalit\u00e9s ci-dessus.<\/p>\n\n\n\n<p><em>Brasserie de Bretagne <\/em><em>traite les cat\u00e9gories de donn\u00e9es suivantes :<\/em><\/p>\n\n\n\n<ul class=\"wp-block-list\"><li>Donn\u00e9es d\u2019identit\u00e9 : Pr\u00e9nom, nom<\/li><li>Donn\u00e9es de contact : Email, adresse postale, num\u00e9ro de t\u00e9l\u00e9phone<\/li><li>Donn\u00e9es de localisation<\/li><\/ul>\n\n\n\n<div style=\"height:50px\" aria-hidden=\"true\" class=\"wp-block-spacer\"><\/div>\n\n\n\n<h3 class=\"wp-block-heading\"><em>Quels sont les destinataires de vos donn\u00e9es ?<\/em><\/h3>\n\n\n\n<p>Les donn\u00e9es collect\u00e9es sont destin\u00e9es aux services internes du site et \u00e0 ses sous-traitants<\/p>\n\n\n\n<p>Les donn\u00e9es trait\u00e9es peuvent enfin, \u00eatre transmises aux autorit\u00e9s comp\u00e9tentes, \u00e0 leur demande, dans le cadre de proc\u00e9dures judiciaires, dans le cadre de recherches judiciaires et de sollicitations d\u2019information des autorit\u00e9s ou afin de se conformer \u00e0 d\u2019autres obligations l\u00e9gales.<\/p>\n\n\n\n<p><em>Sous-traitants<\/em><\/p>\n\n\n\n<div class=\"d-flex justify-content-center mt-4 mb-4\">\n<table class=\"table-responsive-sm table-bordered table-sm\">\n  <thead class=\"thead-dark\">\n    <tr class=\"bg-primary\">\n      <th scope=\"col\">Sous-traitant<\/th>\n      <th scope=\"col\">Objet<\/th>\n      <th scope=\"col\">Hors UE ?<\/th>\n    <\/tr>\n  <\/thead>\n  <tbody>\n    <tr>\n      <td>OVH<\/td>\n      <td>H\u00e9bergement du site et des messageries \u00e9lectroniques<\/td>\n      <td>Non<\/td>\n    <\/tr>\n    <tr>\n      <td>Google analytics<\/td>\n      <td>Outils statistiques<\/td>\n      <td>Non<\/td>\n    <\/tr>\n  <\/tbody>\n<\/table>\n<\/div>\n\n\n\n<div style=\"height:50px\" aria-hidden=\"true\" class=\"wp-block-spacer\"><\/div>\n\n\n\n<h3 class=\"wp-block-heading\"><em>Vos donn\u00e9es sont-elles trait\u00e9es hors UE ?<\/em><\/h3>\n\n\n\n<p>Les donn\u00e9es collect\u00e9es sont susceptibles d\u2019\u00eatre trait\u00e9es hors de l\u2019Union Europ\u00e9enne. Dans ce cas, <em>Brasserie de Bretagne <\/em>prend les dispositions n\u00e9cessaires avec ses sous-traitants et partenaires pour garantir un niveau de protection de vos donn\u00e9es ad\u00e9quat et ce en toute conformit\u00e9 avec la r\u00e9glementation applicable.<\/p>\n\n\n\n<p>Si les sous-traitants et partenaires concern\u00e9s ne sont pas adh\u00e9rents \u00e0 l\u2019accord Privacy Shield s\u2019agissant de transferts vers les Etats-Unis d\u2019Am\u00e9rique, ou ne sont pas situ\u00e9s dans un pays disposant d\u2019une l\u00e9gislation consid\u00e9r\u00e9e comme offrant une protection ad\u00e9quate, ils auront alors pr\u00e9alablement sign\u00e9 les \u00abclauses contractuelles types\u00bb de la Commission europ\u00e9enne ou seront soumis \u00e0 des R\u00e8gles internes contraignantes approuv\u00e9es par les autorit\u00e9s.<\/p>\n\n\n\n<div style=\"height:50px\" aria-hidden=\"true\" class=\"wp-block-spacer\"><\/div>\n\n\n\n<h3 class=\"wp-block-heading\"><em>Comment vos donn\u00e9es sont-elles s\u00e9curis\u00e9es<\/em><\/h3>\n\n\n\n<p><em>Brasserie de Bretagne <\/em>s\u2019assure que vos donn\u00e9es sont trait\u00e9es en toute s\u00e9curit\u00e9 et confidentialit\u00e9, y compris lorsque certaines op\u00e9rations sont r\u00e9alis\u00e9es par des sous-traitants. A cet effet les mesures techniques et organisationnelles appropri\u00e9es pour \u00e9viter la perte, la mauvaise utilisation, l\u2019alt\u00e9ration et la suppression des donn\u00e9es personnelles vous concernant sont mises en place. Ces mesures sont adapt\u00e9es selon le niveau de sensibilit\u00e9 des donn\u00e9es trait\u00e9es et selon le niveau de risque que pr\u00e9sente le traitement ou sa mise en \u0153uvre.<\/p>\n\n\n\n<div style=\"height:50px\" aria-hidden=\"true\" class=\"wp-block-spacer\"><\/div>\n\n\n\n<h3 class=\"wp-block-heading\"><em>Donn\u00e9es personnelles des mineurs<\/em><\/h3>\n\n\n\n<p>L\u2019internaute doit obligatoirement renseigner, au moment de la cr\u00e9ation de son compte, s\u2019il est \u00e2g\u00e9 de plus de 18 ans. Dans le cas contraire, il ne pourra commander sur le site en ligne de <em>Brasserie de Bretagne<\/em><\/p>\n\n\n\n<div style=\"height:50px\" aria-hidden=\"true\" class=\"wp-block-spacer\"><\/div>\n\n\n\n<h2 class=\"wp-block-heading\"><strong><em>Dur\u00e9e de conservation des donn\u00e9es<\/em><\/strong><\/h2>\n\n\n\n<p>La dur\u00e9e d\u2019utilit\u00e9 administrative (DUA) est la dur\u00e9e pendant laquelle les documents, donn\u00e9es ou informations archiv\u00e9s doivent \u00eatre conserv\u00e9s et gard\u00e9s en \u00e9tat d\u2019\u00eatre consult\u00e9s et utilis\u00e9s, soit par ceux qui les ont produits, soit par des services d\u2019archives.<\/p>\n\n\n\n<p>Vous trouverez ci-dessous les dur\u00e9es d\u2019utilit\u00e9 administrative (DUA) applicables aux principales proc\u00e9dures g\u00e9r\u00e9es par <em>Brasserie de Bretagne. <\/em>La DUA couvre la dur\u00e9e de conservation en base active et en archives internes<\/p>\n\n\n\n<div class=\"d-flex justify-content-center mt-4 mb-4\"><table class=\"table-responsive-sm table-bordered table-sm\">\n  <thead class=\"thread-dark\">\n    <tr class=\"bg-primary\">\n      <th scope=\"col\">Proc\u00e9dure<\/th>\n      <th scope=\"col\">DUA<\/th>\n    <\/tr>\n  <\/thead>\n  <tbody>\n    <tr>\n      <td>Traitements des donn\u00e9es du formulaire de contact<\/td>\n      <td>3 ans<\/td>\n    <\/tr>\n    <tr>\n      <td>Saisine du responsable de traitement<\/td>\n      <td>3 ans<\/td>\n    <\/tr>\n  <\/tbody>\n<\/table>\n<\/div>\n\n\n\n<div style=\"height:50px\" aria-hidden=\"true\" class=\"wp-block-spacer\"><\/div>\n\n\n\n<h3 class=\"wp-block-heading\"><em>Modification de la politique de protection des donn\u00e9es<\/em><\/h3>\n\n\n\n<p>La pr\u00e9sente Politique de protection des donn\u00e9es personnelles peut \u00eatre amen\u00e9e \u00e0 \u00e9voluer.<\/p>\n","protected":false},"excerpt":{"rendered":"<p>Donn\u00e9es personnelles Nous nous engageons \u00e0 ce que la collecte et le traitement de vos donn\u00e9es, effectu\u00e9s \u00e0 partir du site www.brasserie-bretagne.fr, soient conformes au r\u00e8glement g\u00e9n\u00e9ral sur la protection des donn\u00e9es (RGPD) et \u00e0 la loi Informatique et Libert\u00e9s. La pr\u00e9sente Politique vous informe sur la fa\u00e7on dont Brasserie de Bretagne, ses sous-traitants et [&#8230;]<\/p>\n<p><a class=\"btn btn-secondary understrap-read-more-link\" href=\"https:\/\/www.brasserie-bretagne.fr\/en\/privacy-policy\/\">Read More&#8230;<span class=\"screen-reader-text\"> from Politique de confidentialit\u00e9<\/span><\/a><\/p>\n","protected":false},"author":27,"featured_media":0,"parent":0,"menu_order":0,"comment_status":"closed","ping_status":"open","template":"page-template\/politique-de-confidentialite.php","meta":{"_acf_changed":false,"inline_featured_image":false,"footnotes":""},"class_list":["post-1440","page","type-page","status-publish","hentry"],"acf":[],"yoast_head":"<!-- This site is optimized with the Yoast SEO plugin v24.8.1 - https:\/\/yoast.com\/wordpress\/plugins\/seo\/ -->\n<title>Politique de confidentialit\u00e9 - Brasserie de Bretagne<\/title>\n<meta name=\"robots\" content=\"index, follow, max-snippet:-1, max-image-preview:large, max-video-preview:-1\" \/>\n<link rel=\"canonical\" href=\"https:\/\/www.brasserie-bretagne.fr\/en\/privacy-policy\/\" \/>\n<meta property=\"og:locale\" content=\"en_US\" \/>\n<meta property=\"og:type\" content=\"article\" \/>\n<meta property=\"og:title\" content=\"Politique de confidentialit\u00e9 - Brasserie de Bretagne\" \/>\n<meta property=\"og:description\" content=\"Donn\u00e9es personnelles Nous nous engageons \u00e0 ce que la collecte et le traitement de vos donn\u00e9es, effectu\u00e9s \u00e0 partir du site www.brasserie-bretagne.fr, soient conformes au r\u00e8glement g\u00e9n\u00e9ral sur la protection des donn\u00e9es (RGPD) et \u00e0 la loi Informatique et Libert\u00e9s. La pr\u00e9sente Politique vous informe sur la fa\u00e7on dont Brasserie de Bretagne, ses sous-traitants et [...]Read More... from Politique de confidentialit\u00e9\" \/>\n<meta property=\"og:url\" content=\"https:\/\/www.brasserie-bretagne.fr\/en\/privacy-policy\/\" \/>\n<meta property=\"og:site_name\" content=\"Brasserie de Bretagne\" \/>\n<meta property=\"article:modified_time\" content=\"2020-10-08T08:15:39+00:00\" \/>\n<meta name=\"twitter:card\" content=\"summary_large_image\" \/>\n<meta name=\"twitter:label1\" content=\"Est. reading time\" \/>\n\t<meta name=\"twitter:data1\" content=\"8 minutes\" \/>\n<script type=\"application\/ld+json\" class=\"yoast-schema-graph\">{\"@context\":\"https:\/\/schema.org\",\"@graph\":[{\"@type\":\"WebPage\",\"@id\":\"https:\/\/www.brasserie-bretagne.fr\/en\/privacy-policy\/\",\"url\":\"https:\/\/www.brasserie-bretagne.fr\/en\/privacy-policy\/\",\"name\":\"Politique de confidentialit\u00e9 - Brasserie de Bretagne\",\"isPartOf\":{\"@id\":\"https:\/\/www.brasserie-bretagne.fr\/#website\"},\"datePublished\":\"2020-08-04T18:55:08+00:00\",\"dateModified\":\"2020-10-08T08:15:39+00:00\",\"breadcrumb\":{\"@id\":\"https:\/\/www.brasserie-bretagne.fr\/en\/privacy-policy\/#breadcrumb\"},\"inLanguage\":\"en-US\",\"potentialAction\":[{\"@type\":\"ReadAction\",\"target\":[\"https:\/\/www.brasserie-bretagne.fr\/en\/privacy-policy\/\"]}]},{\"@type\":\"BreadcrumbList\",\"@id\":\"https:\/\/www.brasserie-bretagne.fr\/en\/privacy-policy\/#breadcrumb\",\"itemListElement\":[{\"@type\":\"ListItem\",\"position\":1,\"name\":\"Accueil\",\"item\":\"https:\/\/www.brasserie-bretagne.fr\/en\/\"},{\"@type\":\"ListItem\",\"position\":2,\"name\":\"Politique de confidentialit\u00e9\"}]},{\"@type\":\"WebSite\",\"@id\":\"https:\/\/www.brasserie-bretagne.fr\/#website\",\"url\":\"https:\/\/www.brasserie-bretagne.fr\/\",\"name\":\"Brasserie de Bretagne\",\"description\":\"Bi\u00e8res artisanales bretonnes\",\"publisher\":{\"@id\":\"https:\/\/www.brasserie-bretagne.fr\/#organization\"},\"potentialAction\":[{\"@type\":\"SearchAction\",\"target\":{\"@type\":\"EntryPoint\",\"urlTemplate\":\"https:\/\/www.brasserie-bretagne.fr\/?s={search_term_string}\"},\"query-input\":{\"@type\":\"PropertyValueSpecification\",\"valueRequired\":true,\"valueName\":\"search_term_string\"}}],\"inLanguage\":\"en-US\"},{\"@type\":\"Organization\",\"@id\":\"https:\/\/www.brasserie-bretagne.fr\/#organization\",\"name\":\"Brasserie de Bretagne\",\"url\":\"https:\/\/www.brasserie-bretagne.fr\/\",\"logo\":{\"@type\":\"ImageObject\",\"inLanguage\":\"en-US\",\"@id\":\"https:\/\/www.brasserie-bretagne.fr\/#\/schema\/logo\/image\/\",\"url\":\"https:\/\/www.brasserie-bretagne.fr\/wp-content\/uploads\/2020\/10\/LOGO.svg\",\"contentUrl\":\"https:\/\/www.brasserie-bretagne.fr\/wp-content\/uploads\/2020\/10\/LOGO.svg\",\"width\":207,\"height\":64,\"caption\":\"Brasserie de Bretagne\"},\"image\":{\"@id\":\"https:\/\/www.brasserie-bretagne.fr\/#\/schema\/logo\/image\/\"}}]}<\/script>\n<!-- \/ Yoast SEO plugin. -->","yoast_head_json":{"title":"Politique de confidentialit\u00e9 - Brasserie de Bretagne","robots":{"index":"index","follow":"follow","max-snippet":"max-snippet:-1","max-image-preview":"max-image-preview:large","max-video-preview":"max-video-preview:-1"},"canonical":"https:\/\/www.brasserie-bretagne.fr\/en\/privacy-policy\/","og_locale":"en_US","og_type":"article","og_title":"Politique de confidentialit\u00e9 - Brasserie de Bretagne","og_description":"Donn\u00e9es personnelles Nous nous engageons \u00e0 ce que la collecte et le traitement de vos donn\u00e9es, effectu\u00e9s \u00e0 partir du site www.brasserie-bretagne.fr, soient conformes au r\u00e8glement g\u00e9n\u00e9ral sur la protection des donn\u00e9es (RGPD) et \u00e0 la loi Informatique et Libert\u00e9s. La pr\u00e9sente Politique vous informe sur la fa\u00e7on dont Brasserie de Bretagne, ses sous-traitants et [...]Read More... from Politique de confidentialit\u00e9","og_url":"https:\/\/www.brasserie-bretagne.fr\/en\/privacy-policy\/","og_site_name":"Brasserie de Bretagne","article_modified_time":"2020-10-08T08:15:39+00:00","twitter_card":"summary_large_image","twitter_misc":{"Est. reading time":"8 minutes"},"schema":{"@context":"https:\/\/schema.org","@graph":[{"@type":"WebPage","@id":"https:\/\/www.brasserie-bretagne.fr\/en\/privacy-policy\/","url":"https:\/\/www.brasserie-bretagne.fr\/en\/privacy-policy\/","name":"Politique de confidentialit\u00e9 - Brasserie de Bretagne","isPartOf":{"@id":"https:\/\/www.brasserie-bretagne.fr\/#website"},"datePublished":"2020-08-04T18:55:08+00:00","dateModified":"2020-10-08T08:15:39+00:00","breadcrumb":{"@id":"https:\/\/www.brasserie-bretagne.fr\/en\/privacy-policy\/#breadcrumb"},"inLanguage":"en-US","potentialAction":[{"@type":"ReadAction","target":["https:\/\/www.brasserie-bretagne.fr\/en\/privacy-policy\/"]}]},{"@type":"BreadcrumbList","@id":"https:\/\/www.brasserie-bretagne.fr\/en\/privacy-policy\/#breadcrumb","itemListElement":[{"@type":"ListItem","position":1,"name":"Accueil","item":"https:\/\/www.brasserie-bretagne.fr\/en\/"},{"@type":"ListItem","position":2,"name":"Politique de confidentialit\u00e9"}]},{"@type":"WebSite","@id":"https:\/\/www.brasserie-bretagne.fr\/#website","url":"https:\/\/www.brasserie-bretagne.fr\/","name":"Brasserie de Bretagne","description":"Bi\u00e8res artisanales bretonnes","publisher":{"@id":"https:\/\/www.brasserie-bretagne.fr\/#organization"},"potentialAction":[{"@type":"SearchAction","target":{"@type":"EntryPoint","urlTemplate":"https:\/\/www.brasserie-bretagne.fr\/?s={search_term_string}"},"query-input":{"@type":"PropertyValueSpecification","valueRequired":true,"valueName":"search_term_string"}}],"inLanguage":"en-US"},{"@type":"Organization","@id":"https:\/\/www.brasserie-bretagne.fr\/#organization","name":"Brasserie de Bretagne","url":"https:\/\/www.brasserie-bretagne.fr\/","logo":{"@type":"ImageObject","inLanguage":"en-US","@id":"https:\/\/www.brasserie-bretagne.fr\/#\/schema\/logo\/image\/","url":"https:\/\/www.brasserie-bretagne.fr\/wp-content\/uploads\/2020\/10\/LOGO.svg","contentUrl":"https:\/\/www.brasserie-bretagne.fr\/wp-content\/uploads\/2020\/10\/LOGO.svg","width":207,"height":64,"caption":"Brasserie de Bretagne"},"image":{"@id":"https:\/\/www.brasserie-bretagne.fr\/#\/schema\/logo\/image\/"}}]}},"_links":{"self":[{"href":"https:\/\/www.brasserie-bretagne.fr\/en\/wp-json\/wp\/v2\/pages\/1440","targetHints":{"allow":["GET"]}}],"collection":[{"href":"https:\/\/www.brasserie-bretagne.fr\/en\/wp-json\/wp\/v2\/pages"}],"about":[{"href":"https:\/\/www.brasserie-bretagne.fr\/en\/wp-json\/wp\/v2\/types\/page"}],"author":[{"embeddable":true,"href":"https:\/\/www.brasserie-bretagne.fr\/en\/wp-json\/wp\/v2\/users\/27"}],"replies":[{"embeddable":true,"href":"https:\/\/www.brasserie-bretagne.fr\/en\/wp-json\/wp\/v2\/comments?post=1440"}],"version-history":[{"count":3,"href":"https:\/\/www.brasserie-bretagne.fr\/en\/wp-json\/wp\/v2\/pages\/1440\/revisions"}],"predecessor-version":[{"id":5321,"href":"https:\/\/www.brasserie-bretagne.fr\/en\/wp-json\/wp\/v2\/pages\/1440\/revisions\/5321"}],"wp:attachment":[{"href":"https:\/\/www.brasserie-bretagne.fr\/en\/wp-json\/wp\/v2\/media?parent=1440"}],"curies":[{"name":"wp","href":"https:\/\/api.w.org\/{rel}","templated":true}]}}