{"id":1430,"date":"2020-08-04T20:50:50","date_gmt":"2020-08-04T18:50:50","guid":{"rendered":"https:\/\/www.brasserie-bretagne.fr\/?page_id=1430"},"modified":"2020-10-15T10:48:37","modified_gmt":"2020-10-15T08:48:37","slug":"legal-notice","status":"publish","type":"page","link":"https:\/\/www.brasserie-bretagne.fr\/en\/legal-notice\/","title":{"rendered":"Mentions l\u00e9gales"},"content":{"rendered":"\n<h2 class=\"wp-block-heading\"><strong>Identification<\/strong><\/h2>\n\n\n\n<p>Conform\u00e9ment aux dispositions des articles 6-III et 19 de la loi pour la Confiance dans l\u2019\u00c9conomie Num\u00e9rique, nous vous informons que le pr\u00e9sent site est la propri\u00e9t\u00e9 de&nbsp;la SAS&nbsp;Brasserie de Bretagne dont le si\u00e8ge social est situ\u00e9 7 rue Victor Schoelcher &#8211; Zone de Colguen 29900 Concarneau,&nbsp;France. La soci\u00e9t\u00e9 est immatricul\u00e9e \u00e0 Quimper sous le num\u00e9ro RCS 418 671 749.<\/p>\n\n\n\n<p>Directeur de la publication du site web : Marc-Olivier Bernard, PDG de la SAS.<\/p>\n\n\n\n<p>Coordonn\u00e9es de l\u2019h\u00e9bergeur : OVH&nbsp;&#8211; 2 rue Kellermann \u2013 BP 80157 59053 ROUBAIX CEDEX 1<\/p>\n\n\n\n<div style=\"height:50px\" aria-hidden=\"true\" class=\"wp-block-spacer\"><\/div>\n\n\n\n<h2 class=\"wp-block-heading\"><strong>Limitation de responsabilit\u00e9<\/strong><\/h2>\n\n\n\n<p>Le site&nbsp;<a href=\"http:\/\/www.brasserie-bretagne.fr\">www.brasserie-bretagne.fr<\/a>&nbsp;a pour objectif de pr\u00e9senter la Brasserie et&nbsp;son savoir-faire ainsi que ses marques commerciales.&nbsp;Les \u00e9l\u00e9ments du site sont uniquement consultables et ne sont pas contractuels.&nbsp;<\/p>\n\n\n\n<p>L\u2019utilisateur reconna\u00eet avoir pris connaissance des pr\u00e9sentes conditions d\u2019utilisation et s\u2019engage \u00e0 les respecter. L\u2019utilisateur du site internet \u00ab&nbsp;<a rel=\"noreferrer noopener\" href=\"http:\/\/www.stepcom.fr\/\" target=\"_blank\">http:\/\/ <u>www.brasserie-bretagne.fr<\/u><\/a>&nbsp;\u00bb reconna\u00eet disposer de la comp\u00e9tence et des moyens n\u00e9cessaires pour acc\u00e9der et utiliser ce site. L\u2019utilisateur du site \u00ab&nbsp;<a rel=\"noreferrer noopener\" href=\"http:\/\/www.stepcom.fr\/\" target=\"_blank\">http:\/\/ <u>www.brasserie-bretagne.fr<\/u><\/a>&nbsp;\u00bb reconna\u00eet avoir v\u00e9rifi\u00e9 que la configuration informatique utilis\u00e9e ne contient aucun virus et qu\u2019elle est en parfait \u00e9tat de fonctionnement. La SAS Brasserie de Bretagne met tout en \u0153uvre pour offrir aux utilisateurs des informations et\/ou des outils disponibles et v\u00e9rifi\u00e9s mais ne saurait \u00eatre tenu responsable des erreurs, d\u2019une absence de disponibilit\u00e9 des fonctionnalit\u00e9s et\/ou de la pr\u00e9sence de virus sur son site. SAS Brasserie de Bretagne d\u00e9cline toute responsabilit\u00e9 pour les difficult\u00e9s rencontr\u00e9es lors de l&#8217;acc\u00e8s \u00e0 son site ou pour toute d\u00e9faillance de communication et ne garantit pas que le serveur h\u00e9bergeant le site&nbsp;<a href=\"http:\/\/www.brasserie-bretagne.fr\">www.brasserie-bretagne.fr<\/a>&nbsp;soit exempt de virus ou qu\u2019il puisse survenir un probl\u00e8me technique pouvant endommager les composants ou les donn\u00e9es stock\u00e9s dans l\u2019ordinateur de l\u2019utilisateur. Les informations fournies par la SAS Brasserie de Bretagne&nbsp;le sont \u00e0 titre indicatif et ne sauraient dispenser l\u2019utilisateur d\u2019une analyse compl\u00e9mentaire et personnalis\u00e9e. La SAS Brasserie de Bretagne ne saurait garantir l\u2019exactitude, la compl\u00e9tude, l\u2019actualit\u00e9 des informations diffus\u00e9es sur son site. En cons\u00e9quence, l\u2019utilisateur reconna\u00eet utiliser ces informations sous sa responsabilit\u00e9 exclusive.<\/p>\n\n\n\n<div style=\"height:50px\" aria-hidden=\"true\" class=\"wp-block-spacer\"><\/div>\n\n\n\n<h2 class=\"wp-block-heading\"><strong>Marques<\/strong><\/h2>\n\n\n\n<p>Toutes les marques cit\u00e9es sur le site&nbsp;<a href=\"http:\/\/www.stepcom.fr\/\" target=\"_blank\" rel=\"noreferrer noopener\">www.brasserie-bretagne.fr<\/a>&nbsp;et notamment : les d\u00e9nominations, logotypes, marques figuratives, noms de produit et\/ou services qui sont cit\u00e9s ou reproduits sur le site&nbsp;<a href=\"http:\/\/www.stepcom.fr\/\" target=\"_blank\" rel=\"noreferrer noopener\">www.<\/a><a href=\"http:\/\/www.stepcom.fr\/\" target=\"_blank\" rel=\"noreferrer noopener\">brasserie-bretagne<\/a><a href=\"http:\/\/www.stepcom.fr\/\" target=\"_blank\" rel=\"noreferrer noopener\">.fr<\/a>&nbsp;sont la propri\u00e9t\u00e9 exclusive des annonceurs, partenaires de la SAS Brasserie de Bretagne. A ce titre, l\u2019utilisateur ne pourra, en aucun cas utiliser m\u00eame partiellement, reproduire ou repr\u00e9senter ces marques (sauf autorisation \u00e9crite pr\u00e9alable des propri\u00e9taires des marques cit\u00e9es). A d\u00e9faut d\u2019un accord \u00e9crit pr\u00e9alablement consenti par les propri\u00e9taires des marques cit\u00e9es, l\u2019exploitation et\/ou l\u2019utilisation desdites marques est donc strictement interdite \u00e0 quelque titre que ce soit.<\/p>\n\n\n\n<p>Les&nbsp;marques &#8220;Brasserie de Bretagne&#8221;, &#8220;Britt&#8221;, &#8220;Sant Erwann&#8221;, &#8220;Dremmwel&#8221; et &#8220;Ar-Men&#8221; sont&nbsp;des&nbsp;marques d\u00e9pos\u00e9es, appartenant \u00e0 la SAS Brasserie de Bretagne. A d\u00e9faut d\u2019un accord \u00e9crit pr\u00e9alablement consenti par la SAS Brasserie de Bretagne, l\u2019exploitation et\/ou l\u2019utilisation de ces 5 marques est donc strictement interdite \u00e0 quelque titre que ce soit.<\/p>\n\n\n\n<div style=\"height:50px\" aria-hidden=\"true\" class=\"wp-block-spacer\"><\/div>\n\n\n\n<h2 class=\"wp-block-heading\"><strong>Propri\u00e9t\u00e9 intellectuelle<\/strong><\/h2>\n\n\n\n<p>Conform\u00e9ment au code de la Propri\u00e9t\u00e9 intellectuelle et plus g\u00e9n\u00e9ralement \u00e0 tous les accords comportant des dispositions relatives au droit d\u2019auteur, l\u2019exploitation, la reproduction, l\u2019utilisation, la diffusion, la commercialisation, l\u2019extraction ou la modification partielle ou totale de textes, d\u2019images ou d\u2019illustrations, de films non destin\u00e9es explicitement \u00e0 \u00eatre t\u00e9l\u00e9charg\u00e9es par les visiteurs, sont interdites sans autorisation du propri\u00e9taire ou de tout ayant-droit.&nbsp;<\/p>\n\n\n\n<div style=\"height:50px\" aria-hidden=\"true\" class=\"wp-block-spacer\"><\/div>\n\n\n\n<h2 class=\"wp-block-heading\"><strong>Cr\u00e9dits photos<\/strong><\/h2>\n\n\n\n<p>SAS&nbsp;Brasserie de Bretagne, Morgan Taltavull<\/p>\n\n\n\n<div style=\"height:50px\" aria-hidden=\"true\" class=\"wp-block-spacer\"><\/div>\n\n\n\n<h2 class=\"wp-block-heading\"><strong>Cr\u00e9ation du site<\/strong><\/h2>\n\n\n\n<p>Le site a \u00e9t\u00e9 cr\u00e9\u00e9 par :<br><a href=\"https:\/\/www.heureuses.fr\/\" data-type=\"URL\" data-id=\"https:\/\/www.heureuses.fr\/\">Heureuses \u2013 Agence web<\/a><br>4 all\u00e9e Joseph Loth<br>56000 VANNES<br>www.heureuses.fr<br>02 57 62 05 60<br>N\u00b0SIRET 82281789600019<\/p>\n\n\n\n<p>Collaboration et cr\u00e9ation graphique : Com d\u2019happy<\/p>\n\n\n\n<p>\u00a9 SAS Brasserie de Bretagne&nbsp;2020<\/p>\n","protected":false},"excerpt":{"rendered":"<p>Identification Conform\u00e9ment aux dispositions des articles 6-III et 19 de la loi pour la Confiance dans l\u2019\u00c9conomie Num\u00e9rique, nous vous informons que le pr\u00e9sent site est la propri\u00e9t\u00e9 de&nbsp;la SAS&nbsp;Brasserie de Bretagne dont le si\u00e8ge social est situ\u00e9 7 rue Victor Schoelcher &#8211; Zone de Colguen 29900 Concarneau,&nbsp;France. La soci\u00e9t\u00e9 est immatricul\u00e9e \u00e0 Quimper sous [&#8230;]<\/p>\n<p><a class=\"btn btn-secondary understrap-read-more-link\" href=\"https:\/\/www.brasserie-bretagne.fr\/en\/legal-notice\/\">Read More&#8230;<span class=\"screen-reader-text\"> from Mentions l\u00e9gales<\/span><\/a><\/p>\n","protected":false},"author":27,"featured_media":0,"parent":0,"menu_order":0,"comment_status":"closed","ping_status":"closed","template":"page-template\/mentions-legales.php","meta":{"_acf_changed":false,"inline_featured_image":false,"footnotes":""},"class_list":["post-1430","page","type-page","status-publish","hentry"],"acf":[],"yoast_head":"<!-- This site is optimized with the Yoast SEO plugin v24.8.1 - https:\/\/yoast.com\/wordpress\/plugins\/seo\/ -->\n<title>Mentions l\u00e9gales - Brasserie de Bretagne<\/title>\n<meta name=\"robots\" content=\"index, follow, max-snippet:-1, max-image-preview:large, max-video-preview:-1\" \/>\n<link rel=\"canonical\" href=\"https:\/\/www.brasserie-bretagne.fr\/en\/legal-notice\/\" \/>\n<meta property=\"og:locale\" content=\"en_US\" \/>\n<meta property=\"og:type\" content=\"article\" \/>\n<meta property=\"og:title\" content=\"Mentions l\u00e9gales - Brasserie de Bretagne\" \/>\n<meta property=\"og:description\" content=\"Identification Conform\u00e9ment aux dispositions des articles 6-III et 19 de la loi pour la Confiance dans l\u2019\u00c9conomie Num\u00e9rique, nous vous informons que le pr\u00e9sent site est la propri\u00e9t\u00e9 de&nbsp;la SAS&nbsp;Brasserie de Bretagne dont le si\u00e8ge social est situ\u00e9 7 rue Victor Schoelcher &#8211; Zone de Colguen 29900 Concarneau,&nbsp;France. La soci\u00e9t\u00e9 est immatricul\u00e9e \u00e0 Quimper sous [...]Read More... from Mentions l\u00e9gales\" \/>\n<meta property=\"og:url\" content=\"https:\/\/www.brasserie-bretagne.fr\/en\/legal-notice\/\" \/>\n<meta property=\"og:site_name\" content=\"Brasserie de Bretagne\" \/>\n<meta property=\"article:modified_time\" content=\"2020-10-15T08:48:37+00:00\" \/>\n<meta name=\"twitter:card\" content=\"summary_large_image\" \/>\n<meta name=\"twitter:label1\" content=\"Est. reading time\" \/>\n\t<meta name=\"twitter:data1\" content=\"4 minutes\" \/>\n<script type=\"application\/ld+json\" class=\"yoast-schema-graph\">{\"@context\":\"https:\/\/schema.org\",\"@graph\":[{\"@type\":\"WebPage\",\"@id\":\"https:\/\/www.brasserie-bretagne.fr\/en\/legal-notice\/\",\"url\":\"https:\/\/www.brasserie-bretagne.fr\/en\/legal-notice\/\",\"name\":\"Mentions l\u00e9gales - Brasserie de Bretagne\",\"isPartOf\":{\"@id\":\"https:\/\/www.brasserie-bretagne.fr\/#website\"},\"datePublished\":\"2020-08-04T18:50:50+00:00\",\"dateModified\":\"2020-10-15T08:48:37+00:00\",\"breadcrumb\":{\"@id\":\"https:\/\/www.brasserie-bretagne.fr\/en\/legal-notice\/#breadcrumb\"},\"inLanguage\":\"en-US\",\"potentialAction\":[{\"@type\":\"ReadAction\",\"target\":[\"https:\/\/www.brasserie-bretagne.fr\/en\/legal-notice\/\"]}]},{\"@type\":\"BreadcrumbList\",\"@id\":\"https:\/\/www.brasserie-bretagne.fr\/en\/legal-notice\/#breadcrumb\",\"itemListElement\":[{\"@type\":\"ListItem\",\"position\":1,\"name\":\"Accueil\",\"item\":\"https:\/\/www.brasserie-bretagne.fr\/en\/\"},{\"@type\":\"ListItem\",\"position\":2,\"name\":\"Mentions l\u00e9gales\"}]},{\"@type\":\"WebSite\",\"@id\":\"https:\/\/www.brasserie-bretagne.fr\/#website\",\"url\":\"https:\/\/www.brasserie-bretagne.fr\/\",\"name\":\"Brasserie de Bretagne\",\"description\":\"Bi\u00e8res artisanales bretonnes\",\"publisher\":{\"@id\":\"https:\/\/www.brasserie-bretagne.fr\/#organization\"},\"potentialAction\":[{\"@type\":\"SearchAction\",\"target\":{\"@type\":\"EntryPoint\",\"urlTemplate\":\"https:\/\/www.brasserie-bretagne.fr\/?s={search_term_string}\"},\"query-input\":{\"@type\":\"PropertyValueSpecification\",\"valueRequired\":true,\"valueName\":\"search_term_string\"}}],\"inLanguage\":\"en-US\"},{\"@type\":\"Organization\",\"@id\":\"https:\/\/www.brasserie-bretagne.fr\/#organization\",\"name\":\"Brasserie de Bretagne\",\"url\":\"https:\/\/www.brasserie-bretagne.fr\/\",\"logo\":{\"@type\":\"ImageObject\",\"inLanguage\":\"en-US\",\"@id\":\"https:\/\/www.brasserie-bretagne.fr\/#\/schema\/logo\/image\/\",\"url\":\"https:\/\/www.brasserie-bretagne.fr\/wp-content\/uploads\/2020\/10\/LOGO.svg\",\"contentUrl\":\"https:\/\/www.brasserie-bretagne.fr\/wp-content\/uploads\/2020\/10\/LOGO.svg\",\"width\":207,\"height\":64,\"caption\":\"Brasserie de Bretagne\"},\"image\":{\"@id\":\"https:\/\/www.brasserie-bretagne.fr\/#\/schema\/logo\/image\/\"}}]}<\/script>\n<!-- \/ Yoast SEO plugin. -->","yoast_head_json":{"title":"Mentions l\u00e9gales - Brasserie de Bretagne","robots":{"index":"index","follow":"follow","max-snippet":"max-snippet:-1","max-image-preview":"max-image-preview:large","max-video-preview":"max-video-preview:-1"},"canonical":"https:\/\/www.brasserie-bretagne.fr\/en\/legal-notice\/","og_locale":"en_US","og_type":"article","og_title":"Mentions l\u00e9gales - Brasserie de Bretagne","og_description":"Identification Conform\u00e9ment aux dispositions des articles 6-III et 19 de la loi pour la Confiance dans l\u2019\u00c9conomie Num\u00e9rique, nous vous informons que le pr\u00e9sent site est la propri\u00e9t\u00e9 de&nbsp;la SAS&nbsp;Brasserie de Bretagne dont le si\u00e8ge social est situ\u00e9 7 rue Victor Schoelcher &#8211; Zone de Colguen 29900 Concarneau,&nbsp;France. La soci\u00e9t\u00e9 est immatricul\u00e9e \u00e0 Quimper sous [...]Read More... from Mentions l\u00e9gales","og_url":"https:\/\/www.brasserie-bretagne.fr\/en\/legal-notice\/","og_site_name":"Brasserie de Bretagne","article_modified_time":"2020-10-15T08:48:37+00:00","twitter_card":"summary_large_image","twitter_misc":{"Est. reading time":"4 minutes"},"schema":{"@context":"https:\/\/schema.org","@graph":[{"@type":"WebPage","@id":"https:\/\/www.brasserie-bretagne.fr\/en\/legal-notice\/","url":"https:\/\/www.brasserie-bretagne.fr\/en\/legal-notice\/","name":"Mentions l\u00e9gales - Brasserie de Bretagne","isPartOf":{"@id":"https:\/\/www.brasserie-bretagne.fr\/#website"},"datePublished":"2020-08-04T18:50:50+00:00","dateModified":"2020-10-15T08:48:37+00:00","breadcrumb":{"@id":"https:\/\/www.brasserie-bretagne.fr\/en\/legal-notice\/#breadcrumb"},"inLanguage":"en-US","potentialAction":[{"@type":"ReadAction","target":["https:\/\/www.brasserie-bretagne.fr\/en\/legal-notice\/"]}]},{"@type":"BreadcrumbList","@id":"https:\/\/www.brasserie-bretagne.fr\/en\/legal-notice\/#breadcrumb","itemListElement":[{"@type":"ListItem","position":1,"name":"Accueil","item":"https:\/\/www.brasserie-bretagne.fr\/en\/"},{"@type":"ListItem","position":2,"name":"Mentions l\u00e9gales"}]},{"@type":"WebSite","@id":"https:\/\/www.brasserie-bretagne.fr\/#website","url":"https:\/\/www.brasserie-bretagne.fr\/","name":"Brasserie de Bretagne","description":"Bi\u00e8res artisanales bretonnes","publisher":{"@id":"https:\/\/www.brasserie-bretagne.fr\/#organization"},"potentialAction":[{"@type":"SearchAction","target":{"@type":"EntryPoint","urlTemplate":"https:\/\/www.brasserie-bretagne.fr\/?s={search_term_string}"},"query-input":{"@type":"PropertyValueSpecification","valueRequired":true,"valueName":"search_term_string"}}],"inLanguage":"en-US"},{"@type":"Organization","@id":"https:\/\/www.brasserie-bretagne.fr\/#organization","name":"Brasserie de Bretagne","url":"https:\/\/www.brasserie-bretagne.fr\/","logo":{"@type":"ImageObject","inLanguage":"en-US","@id":"https:\/\/www.brasserie-bretagne.fr\/#\/schema\/logo\/image\/","url":"https:\/\/www.brasserie-bretagne.fr\/wp-content\/uploads\/2020\/10\/LOGO.svg","contentUrl":"https:\/\/www.brasserie-bretagne.fr\/wp-content\/uploads\/2020\/10\/LOGO.svg","width":207,"height":64,"caption":"Brasserie de Bretagne"},"image":{"@id":"https:\/\/www.brasserie-bretagne.fr\/#\/schema\/logo\/image\/"}}]}},"_links":{"self":[{"href":"https:\/\/www.brasserie-bretagne.fr\/en\/wp-json\/wp\/v2\/pages\/1430","targetHints":{"allow":["GET"]}}],"collection":[{"href":"https:\/\/www.brasserie-bretagne.fr\/en\/wp-json\/wp\/v2\/pages"}],"about":[{"href":"https:\/\/www.brasserie-bretagne.fr\/en\/wp-json\/wp\/v2\/types\/page"}],"author":[{"embeddable":true,"href":"https:\/\/www.brasserie-bretagne.fr\/en\/wp-json\/wp\/v2\/users\/27"}],"replies":[{"embeddable":true,"href":"https:\/\/www.brasserie-bretagne.fr\/en\/wp-json\/wp\/v2\/comments?post=1430"}],"version-history":[{"count":4,"href":"https:\/\/www.brasserie-bretagne.fr\/en\/wp-json\/wp\/v2\/pages\/1430\/revisions"}],"predecessor-version":[{"id":5353,"href":"https:\/\/www.brasserie-bretagne.fr\/en\/wp-json\/wp\/v2\/pages\/1430\/revisions\/5353"}],"wp:attachment":[{"href":"https:\/\/www.brasserie-bretagne.fr\/en\/wp-json\/wp\/v2\/media?parent=1430"}],"curies":[{"name":"wp","href":"https:\/\/api.w.org\/{rel}","templated":true}]}}