{"id":1427,"date":"2020-08-04T20:50:08","date_gmt":"2020-08-04T18:50:08","guid":{"rendered":"https:\/\/www.brasserie-bretagne.fr\/?page_id=1427"},"modified":"2020-10-08T10:22:26","modified_gmt":"2020-10-08T08:22:26","slug":"terms-of-sales","status":"publish","type":"page","link":"https:\/\/www.brasserie-bretagne.fr\/en\/terms-of-sales\/","title":{"rendered":"Conditions G\u00e9n\u00e9rales de Vente"},"content":{"rendered":"\n<p>Les pr\u00e9sentes Conditions G\u00e9n\u00e9rales de Ventes s\u2019appliquent en France, \u00e0 l\u2019exclusion des DOM-TOM. Elles s\u2019appliquent pleinement nonobstant toute clause contraire des conditions d\u2019achat ou de tout document \u00e9manant du client. Aucune tol\u00e9rance par notre soci\u00e9t\u00e9 de quelque nature qu\u2019elle soit ne pourra \u00eatre cr\u00e9atrice de droits ou valoir renonciation \u00e0 se pr\u00e9valoir ult\u00e9rieurement de nos conditions.<\/p>\n\n\n\n<div style=\"height:50px\" aria-hidden=\"true\" class=\"wp-block-spacer\"><\/div>\n\n\n\n<h2 class=\"wp-block-heading\"><strong><u>Pr\u00e9ambule&nbsp;:<\/u><\/strong><\/h2>\n\n\n\n<p>Brasserie de Bretagne (BDB) fabrique des bi\u00e8res dont l\u2019essentiel est referment\u00e9 en bouteille. Apr\u00e8s le brassage, la fermentation et une garde de 14 jours, les bi\u00e8res sont stock\u00e9es en chambre chaude afin de faciliter la refermentation. Le d\u00e9lai de production de nos bi\u00e8res est donc de 21 jours et est incompressible.<\/p>\n\n\n\n<div style=\"height:50px\" aria-hidden=\"true\" class=\"wp-block-spacer\"><\/div>\n\n\n\n<h2 class=\"wp-block-heading\"><strong><u>1. APPLICATION&nbsp;:<\/u><\/strong><\/h2>\n\n\n\n<p>Ces conditions g\u00e9n\u00e9rales sont valables \u00e0 compter du 1<sup>er<\/sup> janvier 2020 et ont pour effet d\u2019annuler et de remplacer les Conditions G\u00e9n\u00e9rales mises en place ant\u00e9rieurement. Les CGV sont susceptibles de modification \u00e0 tout moment. Les CGV applicables sont celles en vigueur \u00e0 la date de la commande. Elles sont directement consultables et t\u00e9l\u00e9chargeables sur le site \u00e0 tout moment. Le client est invit\u00e9 \u00e0 les lire attentivement avant de confirmer sa commande qui implique l\u2019acceptation des CGV au moyen d\u2019une case \u00e0 cocher pr\u00e9vue \u00e0 cet effet et comprenant un lien hypertexte renvoyant auxdites CGV.<\/p>\n\n\n\n<div style=\"height:50px\" aria-hidden=\"true\" class=\"wp-block-spacer\"><\/div>\n\n\n\n<h2 class=\"wp-block-heading\"><strong>2. PRODUITS&nbsp;:<\/strong><\/h2>\n\n\n\n<p>Le client est invit\u00e9 \u00e0 se reporter au descriptif de chaque produit propos\u00e9 \u00e0 la vente sur le site pour en conna\u00eetre les caract\u00e9ristiques essentielles pr\u00e9cises et, s\u2019il le souhaite, \u00e0 se rendre dans le point de vente La Boutik afin de voir le produit qu\u2019il souhaite acheter.<\/p>\n\n\n\n<div style=\"height:50px\" aria-hidden=\"true\" class=\"wp-block-spacer\"><\/div>\n\n\n\n<h2 class=\"wp-block-heading\"><strong><u>3. COMMANDES&nbsp;:<\/u><\/strong><\/h2>\n\n\n\n<div style=\"height:50px\" aria-hidden=\"true\" class=\"wp-block-spacer\"><\/div>\n\n\n\n<h3 class=\"wp-block-heading\"><strong>1- Compte Client<\/strong><\/h3>\n\n\n\n<p>La cr\u00e9ation d\u2019un compte client n\u2019est pas n\u00e9cessaire avant la passation de la commande. Le client s\u2019engage toutefois \u00e0 fournir des informations sinc\u00e8res et exactes concernant son \u00e9tat civil et ses coordonn\u00e9es, notamment son adresse email lors de la commande.<\/p>\n\n\n\n<div style=\"height:50px\" aria-hidden=\"true\" class=\"wp-block-spacer\"><\/div>\n\n\n\n<h3 class=\"wp-block-heading\"><strong>2- Prise de commande en ligne<\/strong><\/h3>\n\n\n\n<p>Toute commande implique de plein droit l\u2019acceptation par l\u2019acheteur des pr\u00e9sentes conditions g\u00e9n\u00e9rales de vente. Les commandes seront re\u00e7ues \u00e0 La Boutik (Kerouel, 29910 Tr\u00e9gunc) par commande Click &amp; Collect effectu\u00e9e sur le site Internet. Un d\u00e9lai minimum de 1 jour ouvr\u00e9 est pr\u00e9vu entre l\u2019acceptation de la commande et la date de retrait. L\u2019achat Click &amp; Collect est r\u00e9serv\u00e9 aux acheteurs non professionnels, personnes physiques et ayant la capacit\u00e9 juridique pour contracter.<\/p>\n\n\n\n<div style=\"height:50px\" aria-hidden=\"true\" class=\"wp-block-spacer\"><\/div>\n\n\n\n<h3 class=\"wp-block-heading\"><strong>3- Quantit\u00e9s&nbsp;<\/strong><\/h3>\n\n\n\n<p>Un particulier ne pourra pas commander simultan\u00e9ment plus de 110 litres de bi\u00e8res.<\/p>\n\n\n\n<div style=\"height:50px\" aria-hidden=\"true\" class=\"wp-block-spacer\"><\/div>\n\n\n\n<h3 class=\"wp-block-heading\"><strong>4- Indisponibilit\u00e9 des produits<\/strong><\/h3>\n\n\n\n<p>Les offres de produits et prix sont valables tant qu&#8217;ils sont visibles sur le site, dans la limite des stocks disponibles dans le point de vente La Boutik. A ce titre, La Boutik s\u2019engage \u00e0 faire ses meilleurs efforts pour tenir \u00e0 jour les informations sur la disponibilit\u00e9 des produits sur le site. Dans l\u2019\u00e9ventualit\u00e9 o\u00f9 un ou plusieur(s) Produit(s) command\u00e9(s) s\u2019av\u00e9rai(en)t indisponible(s) lors de la pr\u00e9paration de la commande,&nbsp;le ou les produit(s) indisponible(s) sera(seront) retir\u00e9(s) de la commande et ne sera(seront) pas factur\u00e9(s) au client. Les produits indisponibles ne sont pas remplac\u00e9s par des produits de substitution. Si aucun produit command\u00e9 n\u2019est disponible au moment de la pr\u00e9paration de la commande, le client sera pr\u00e9venu par email pour qu\u2019il n\u2019ait pas \u00e0 se d\u00e9placer pour venir r\u00e9cup\u00e9rer sa commande.<\/p>\n\n\n\n<div style=\"height:50px\" aria-hidden=\"true\" class=\"wp-block-spacer\"><\/div>\n\n\n\n<h3 class=\"wp-block-heading\"><strong>4. Annulation\/ modification de la commande<\/strong><\/h3>\n\n\n\n<p>A compter de l\u2019envoi de l\u2019email de confirmation par La Boutik, le client ne peut pas annuler ou modifier sa commande, ni son cr\u00e9neau de retrait ou de livraison.<\/p>\n\n\n\n<div style=\"height:50px\" aria-hidden=\"true\" class=\"wp-block-spacer\"><\/div>\n\n\n\n<h2 class=\"wp-block-heading\"><strong><u>4. RETRAIT&nbsp;:<\/u><\/strong><\/h2>\n\n\n\n<p>Retraits effectu\u00e9s en fonction des stocks disponibles. &nbsp;Pour&nbsp;retirer sa commande, le client doit se pr\u00e9senter muni de l\u2019email de confirmation de sa commande (ou le num\u00e9ro de commande et son nom) \u00e0 La Boutik (Kerouel, 29910 Tr\u00e9gunc) pendant le cr\u00e9neau horaire indiqu\u00e9 lors de la passation de commande. Si le client (ou le tiers le repr\u00e9sentant) ne proc\u00e8de pas au retrait de la commande du client \u00e0 La Boutik pendant le cr\u00e9neau horaire choisi lors de la passation de commande, le point de vente conserve la commande \u00e0 la disposition du client en l\u2019\u00e9tat jusqu\u2019\u00e0 48h apr\u00e8s la date de retrait de choisi par le client. Si la commande n\u2019est pas retir\u00e9e au plus tard 48h apr\u00e8s la date de retrait, celle-ci sera automatique annul\u00e9e et rembours\u00e9e.<\/p>\n\n\n\n<div style=\"height:50px\" aria-hidden=\"true\" class=\"wp-block-spacer\"><\/div>\n\n\n\n<h2 class=\"wp-block-heading\"><strong>5. TARIF&nbsp;:<\/strong><\/h2>\n\n\n\n<p>Les prix des produits sont indiqu\u00e9s sur le site en euros (\u20ac) TTC (taxe sur la valeur ajout\u00e9e applicable en France (TVA) comprise, au taux applicable au jour de la passation de commande). Ils comprennent les frais de pr\u00e9paration et de stockage de la commande, jusqu\u2019\u00e0 son retrait par le client en magasin. Brasserie de Bretagne se r\u00e9serve le droit de modifier le prix des Produits sur le site \u00e0 tout moment. &nbsp;Le prix est payable comptant, en totalit\u00e9 au jour de la commande.<\/p>\n\n\n\n<p>La commande peut \u00eatre r\u00e9gl\u00e9e par les moyens suivants :<\/p>\n\n\n\n<p>&#8211; Par carte bancaire&nbsp;: Aucune donn\u00e9e relative aux moyens de paiement du client n\u2019est r\u00e9colt\u00e9e par le Site. Le paiement est effectu\u00e9 directement entre les mains de la banque ou du prestataire de paiement recevant le paiement du client.<\/p>\n\n\n\n<p>&#8211; Par Paypal&nbsp;: Le syst\u00e8me Paypal permet de payer en ligne sans communiquer ses donn\u00e9es bancaires, en s&#8217;identifiant uniquement par son adresse \u00e9lectronique et un mot de passe.<\/p>\n\n\n\n<p>Une facture faisant ressortir la TVA sera adress\u00e9e par le vendeur au client sur simple demande de celui-ci.<\/p>\n\n\n\n<div style=\"height:50px\" aria-hidden=\"true\" class=\"wp-block-spacer\"><\/div>\n\n\n\n<h2 class=\"wp-block-heading\"><strong><u>6. DROIT DE R\u00c9TRACTATION<\/u>&nbsp;:<\/strong><\/h2>\n\n\n\n<p>Tout Client, consid\u00e9r\u00e9 comme consommateur au sens du Code de la consommation, commandant sur le site du vendeur pour des besoins non professionnels, b\u00e9n\u00e9ficie d&#8217;un d\u00e9lai de r\u00e9tractation de quatorze jours \u00e0 compter du retrait de la commande pour retourner le produit au vendeur en vue de son \u00e9change ou de son remboursement, sans p\u00e9nalit\u00e9s.<\/p>\n\n\n\n<p>Le retour devra \u00eatre fait uniquement au point de vente La Boutik.<br>Le produit devra \u00eatre retourn\u00e9 en l&#8217;\u00e9tat et dans son emballage d&#8217;origine, neuf, non-ouvert.<br>Sous r\u00e9serve du parfait \u00e9tat du produit retourn\u00e9, le remboursement sera assur\u00e9 par le vendeur, selon le moyen de paiement de son choix.<\/p>\n\n\n\n<div style=\"height:50px\" aria-hidden=\"true\" class=\"wp-block-spacer\"><\/div>\n\n\n\n<h2 class=\"wp-block-heading\"><strong>7. PROTECTION DES MINEURS<\/strong><\/h2>\n\n\n\n<p>Conform\u00e9ment \u00e0 l&#8217;article L. 3342-1 du Code de la Sant\u00e9 Publique, la vente d&#8217;alcool \u00e0 des mineurs de moins de dix-huit (18) ans est interdite. L\u2019acheteur confirme en validant sa commande sur le site Brasserie De Bretagne avoir dix huit (18) ans r\u00e9volus \u00e0 la date de la commande. Lors de la livraison, le receveur doit avoir l&#8217;\u00e2ge l\u00e9gale. La Boutik est en droit de demander un justificatif d&#8217;identit\u00e9 en cas de doute.<\/p>\n\n\n\n<div style=\"height:50px\" aria-hidden=\"true\" class=\"wp-block-spacer\"><\/div>\n\n\n\n<h2 class=\"wp-block-heading\"><strong>8. RECLAMATIONS&nbsp;:<\/strong><\/h2>\n\n\n\n<p>Le client contr\u00f4le les marchandises au moment du retrait et signe les documents. Le client notifie \u00e0 la Boutik toute casse, avarie, ou produit manquant. Tous les produits fournis par le vendeur b\u00e9n\u00e9ficient de la garantie l\u00e9gale pr\u00e9vue aux articles 1641 et suivants du Code Civil.<br>En outre, le client b\u00e9n\u00e9ficie \u00e9galement de la garantie de conformit\u00e9 des produits, pr\u00e9vue par les articles L. 211-4 et suivants du Code de la consommation. En cas de non-conformit\u00e9 d&#8217;un produit vendu, le client devra envoyer sa r\u00e9clamation \u00e0 notre service qualit\u00e9 et aura le choix entre le remboursement ou le remplacement du produit. Si le remplacement du produit sont impossibles, le client pourra rendre le produit et se faire rembourser le prix.<\/p>\n\n\n\n<div style=\"height:50px\" aria-hidden=\"true\" class=\"wp-block-spacer\"><\/div>\n\n\n\n<h2 class=\"wp-block-heading\"><strong>9. ATTRIBUTION DE JURIDICTION&nbsp;:<\/strong><\/h2>\n\n\n\n<p>Les pr\u00e9sentes Conditions G\u00e9n\u00e9rales de Vente sont soumise au droit fran\u00e7ais. Tous les litiges auxquels les pr\u00e9sentes Conditions G\u00e9n\u00e9rales de Vente pourraient donner lieu, concernant tant leur validit\u00e9, leur interpr\u00e9tation, leur ex\u00e9cution, leurs cons\u00e9quences et leurs suites seront soumis aux tribunaux comp\u00e9tents dans les conditions de droit commun. Pour tout litige, seul le Tribunal de Commerce de Quimper sera comp\u00e9tent, sauf si BDB saisit une autre juridiction comp\u00e9tente.<\/p>\n","protected":false},"excerpt":{"rendered":"<p>Les pr\u00e9sentes Conditions G\u00e9n\u00e9rales de Ventes s\u2019appliquent en France, \u00e0 l\u2019exclusion des DOM-TOM. Elles s\u2019appliquent pleinement nonobstant toute clause contraire des conditions d\u2019achat ou de tout document \u00e9manant du client. Aucune tol\u00e9rance par notre soci\u00e9t\u00e9 de quelque nature qu\u2019elle soit ne pourra \u00eatre cr\u00e9atrice de droits ou valoir renonciation \u00e0 se pr\u00e9valoir ult\u00e9rieurement de nos [&#8230;]<\/p>\n<p><a class=\"btn btn-secondary understrap-read-more-link\" href=\"https:\/\/www.brasserie-bretagne.fr\/en\/terms-of-sales\/\">Read More&#8230;<span class=\"screen-reader-text\"> from Conditions G\u00e9n\u00e9rales de Vente<\/span><\/a><\/p>\n","protected":false},"author":27,"featured_media":0,"parent":0,"menu_order":0,"comment_status":"closed","ping_status":"closed","template":"page-template\/cgv.php","meta":{"_acf_changed":false,"inline_featured_image":false,"footnotes":""},"class_list":["post-1427","page","type-page","status-publish","hentry"],"acf":[],"yoast_head":"<!-- This site is optimized with the Yoast SEO plugin v24.8.1 - https:\/\/yoast.com\/wordpress\/plugins\/seo\/ -->\n<title>Conditions G\u00e9n\u00e9rales de Vente - Brasserie de Bretagne<\/title>\n<meta name=\"robots\" content=\"index, follow, max-snippet:-1, max-image-preview:large, max-video-preview:-1\" \/>\n<link rel=\"canonical\" href=\"https:\/\/www.brasserie-bretagne.fr\/en\/terms-of-sales\/\" \/>\n<meta property=\"og:locale\" content=\"en_US\" \/>\n<meta property=\"og:type\" content=\"article\" \/>\n<meta property=\"og:title\" content=\"Conditions G\u00e9n\u00e9rales de Vente - Brasserie de Bretagne\" \/>\n<meta property=\"og:description\" content=\"Les pr\u00e9sentes Conditions G\u00e9n\u00e9rales de Ventes s\u2019appliquent en France, \u00e0 l\u2019exclusion des DOM-TOM. Elles s\u2019appliquent pleinement nonobstant toute clause contraire des conditions d\u2019achat ou de tout document \u00e9manant du client. Aucune tol\u00e9rance par notre soci\u00e9t\u00e9 de quelque nature qu\u2019elle soit ne pourra \u00eatre cr\u00e9atrice de droits ou valoir renonciation \u00e0 se pr\u00e9valoir ult\u00e9rieurement de nos [...]Read More... from Conditions G\u00e9n\u00e9rales de Vente\" \/>\n<meta property=\"og:url\" content=\"https:\/\/www.brasserie-bretagne.fr\/en\/terms-of-sales\/\" \/>\n<meta property=\"og:site_name\" content=\"Brasserie de Bretagne\" \/>\n<meta property=\"article:modified_time\" content=\"2020-10-08T08:22:26+00:00\" \/>\n<meta name=\"twitter:card\" content=\"summary_large_image\" \/>\n<meta name=\"twitter:label1\" content=\"Est. reading time\" \/>\n\t<meta name=\"twitter:data1\" content=\"7 minutes\" \/>\n<script type=\"application\/ld+json\" class=\"yoast-schema-graph\">{\"@context\":\"https:\/\/schema.org\",\"@graph\":[{\"@type\":\"WebPage\",\"@id\":\"https:\/\/www.brasserie-bretagne.fr\/en\/terms-of-sales\/\",\"url\":\"https:\/\/www.brasserie-bretagne.fr\/en\/terms-of-sales\/\",\"name\":\"Conditions G\u00e9n\u00e9rales de Vente - Brasserie de Bretagne\",\"isPartOf\":{\"@id\":\"https:\/\/www.brasserie-bretagne.fr\/#website\"},\"datePublished\":\"2020-08-04T18:50:08+00:00\",\"dateModified\":\"2020-10-08T08:22:26+00:00\",\"breadcrumb\":{\"@id\":\"https:\/\/www.brasserie-bretagne.fr\/en\/terms-of-sales\/#breadcrumb\"},\"inLanguage\":\"en-US\",\"potentialAction\":[{\"@type\":\"ReadAction\",\"target\":[\"https:\/\/www.brasserie-bretagne.fr\/en\/terms-of-sales\/\"]}]},{\"@type\":\"BreadcrumbList\",\"@id\":\"https:\/\/www.brasserie-bretagne.fr\/en\/terms-of-sales\/#breadcrumb\",\"itemListElement\":[{\"@type\":\"ListItem\",\"position\":1,\"name\":\"Accueil\",\"item\":\"https:\/\/www.brasserie-bretagne.fr\/en\/\"},{\"@type\":\"ListItem\",\"position\":2,\"name\":\"Conditions G\u00e9n\u00e9rales de Vente\"}]},{\"@type\":\"WebSite\",\"@id\":\"https:\/\/www.brasserie-bretagne.fr\/#website\",\"url\":\"https:\/\/www.brasserie-bretagne.fr\/\",\"name\":\"Brasserie de Bretagne\",\"description\":\"Bi\u00e8res artisanales bretonnes\",\"publisher\":{\"@id\":\"https:\/\/www.brasserie-bretagne.fr\/#organization\"},\"potentialAction\":[{\"@type\":\"SearchAction\",\"target\":{\"@type\":\"EntryPoint\",\"urlTemplate\":\"https:\/\/www.brasserie-bretagne.fr\/?s={search_term_string}\"},\"query-input\":{\"@type\":\"PropertyValueSpecification\",\"valueRequired\":true,\"valueName\":\"search_term_string\"}}],\"inLanguage\":\"en-US\"},{\"@type\":\"Organization\",\"@id\":\"https:\/\/www.brasserie-bretagne.fr\/#organization\",\"name\":\"Brasserie de Bretagne\",\"url\":\"https:\/\/www.brasserie-bretagne.fr\/\",\"logo\":{\"@type\":\"ImageObject\",\"inLanguage\":\"en-US\",\"@id\":\"https:\/\/www.brasserie-bretagne.fr\/#\/schema\/logo\/image\/\",\"url\":\"https:\/\/www.brasserie-bretagne.fr\/wp-content\/uploads\/2020\/10\/LOGO.svg\",\"contentUrl\":\"https:\/\/www.brasserie-bretagne.fr\/wp-content\/uploads\/2020\/10\/LOGO.svg\",\"width\":207,\"height\":64,\"caption\":\"Brasserie de Bretagne\"},\"image\":{\"@id\":\"https:\/\/www.brasserie-bretagne.fr\/#\/schema\/logo\/image\/\"}}]}<\/script>\n<!-- \/ Yoast SEO plugin. -->","yoast_head_json":{"title":"Conditions G\u00e9n\u00e9rales de Vente - Brasserie de Bretagne","robots":{"index":"index","follow":"follow","max-snippet":"max-snippet:-1","max-image-preview":"max-image-preview:large","max-video-preview":"max-video-preview:-1"},"canonical":"https:\/\/www.brasserie-bretagne.fr\/en\/terms-of-sales\/","og_locale":"en_US","og_type":"article","og_title":"Conditions G\u00e9n\u00e9rales de Vente - Brasserie de Bretagne","og_description":"Les pr\u00e9sentes Conditions G\u00e9n\u00e9rales de Ventes s\u2019appliquent en France, \u00e0 l\u2019exclusion des DOM-TOM. Elles s\u2019appliquent pleinement nonobstant toute clause contraire des conditions d\u2019achat ou de tout document \u00e9manant du client. Aucune tol\u00e9rance par notre soci\u00e9t\u00e9 de quelque nature qu\u2019elle soit ne pourra \u00eatre cr\u00e9atrice de droits ou valoir renonciation \u00e0 se pr\u00e9valoir ult\u00e9rieurement de nos [...]Read More... from Conditions G\u00e9n\u00e9rales de Vente","og_url":"https:\/\/www.brasserie-bretagne.fr\/en\/terms-of-sales\/","og_site_name":"Brasserie de Bretagne","article_modified_time":"2020-10-08T08:22:26+00:00","twitter_card":"summary_large_image","twitter_misc":{"Est. reading time":"7 minutes"},"schema":{"@context":"https:\/\/schema.org","@graph":[{"@type":"WebPage","@id":"https:\/\/www.brasserie-bretagne.fr\/en\/terms-of-sales\/","url":"https:\/\/www.brasserie-bretagne.fr\/en\/terms-of-sales\/","name":"Conditions G\u00e9n\u00e9rales de Vente - Brasserie de Bretagne","isPartOf":{"@id":"https:\/\/www.brasserie-bretagne.fr\/#website"},"datePublished":"2020-08-04T18:50:08+00:00","dateModified":"2020-10-08T08:22:26+00:00","breadcrumb":{"@id":"https:\/\/www.brasserie-bretagne.fr\/en\/terms-of-sales\/#breadcrumb"},"inLanguage":"en-US","potentialAction":[{"@type":"ReadAction","target":["https:\/\/www.brasserie-bretagne.fr\/en\/terms-of-sales\/"]}]},{"@type":"BreadcrumbList","@id":"https:\/\/www.brasserie-bretagne.fr\/en\/terms-of-sales\/#breadcrumb","itemListElement":[{"@type":"ListItem","position":1,"name":"Accueil","item":"https:\/\/www.brasserie-bretagne.fr\/en\/"},{"@type":"ListItem","position":2,"name":"Conditions G\u00e9n\u00e9rales de Vente"}]},{"@type":"WebSite","@id":"https:\/\/www.brasserie-bretagne.fr\/#website","url":"https:\/\/www.brasserie-bretagne.fr\/","name":"Brasserie de Bretagne","description":"Bi\u00e8res artisanales bretonnes","publisher":{"@id":"https:\/\/www.brasserie-bretagne.fr\/#organization"},"potentialAction":[{"@type":"SearchAction","target":{"@type":"EntryPoint","urlTemplate":"https:\/\/www.brasserie-bretagne.fr\/?s={search_term_string}"},"query-input":{"@type":"PropertyValueSpecification","valueRequired":true,"valueName":"search_term_string"}}],"inLanguage":"en-US"},{"@type":"Organization","@id":"https:\/\/www.brasserie-bretagne.fr\/#organization","name":"Brasserie de Bretagne","url":"https:\/\/www.brasserie-bretagne.fr\/","logo":{"@type":"ImageObject","inLanguage":"en-US","@id":"https:\/\/www.brasserie-bretagne.fr\/#\/schema\/logo\/image\/","url":"https:\/\/www.brasserie-bretagne.fr\/wp-content\/uploads\/2020\/10\/LOGO.svg","contentUrl":"https:\/\/www.brasserie-bretagne.fr\/wp-content\/uploads\/2020\/10\/LOGO.svg","width":207,"height":64,"caption":"Brasserie de Bretagne"},"image":{"@id":"https:\/\/www.brasserie-bretagne.fr\/#\/schema\/logo\/image\/"}}]}},"_links":{"self":[{"href":"https:\/\/www.brasserie-bretagne.fr\/en\/wp-json\/wp\/v2\/pages\/1427","targetHints":{"allow":["GET"]}}],"collection":[{"href":"https:\/\/www.brasserie-bretagne.fr\/en\/wp-json\/wp\/v2\/pages"}],"about":[{"href":"https:\/\/www.brasserie-bretagne.fr\/en\/wp-json\/wp\/v2\/types\/page"}],"author":[{"embeddable":true,"href":"https:\/\/www.brasserie-bretagne.fr\/en\/wp-json\/wp\/v2\/users\/27"}],"replies":[{"embeddable":true,"href":"https:\/\/www.brasserie-bretagne.fr\/en\/wp-json\/wp\/v2\/comments?post=1427"}],"version-history":[{"count":3,"href":"https:\/\/www.brasserie-bretagne.fr\/en\/wp-json\/wp\/v2\/pages\/1427\/revisions"}],"predecessor-version":[{"id":5325,"href":"https:\/\/www.brasserie-bretagne.fr\/en\/wp-json\/wp\/v2\/pages\/1427\/revisions\/5325"}],"wp:attachment":[{"href":"https:\/\/www.brasserie-bretagne.fr\/en\/wp-json\/wp\/v2\/media?parent=1427"}],"curies":[{"name":"wp","href":"https:\/\/api.w.org\/{rel}","templated":true}]}}